{"id":3,"date":"2022-09-13T12:13:43","date_gmt":"2022-09-13T12:13:43","guid":{"rendered":"https:\/\/www.endologiq.com\/?page_id=3"},"modified":"2022-09-20T10:36:24","modified_gmt":"2022-09-20T10:36:24","slug":"privacy-policy","status":"publish","type":"page","link":"https:\/\/www.endologiq.com\/en\/privacy-policy\/","title":{"rendered":"Politica de confiden\u0163ialitate"},"content":{"rendered":"<h2 class=\"wp-block-heading\">Cine suntem<\/h2>\n\n\n\n<p>Adresa website-ului: https:\/\/www.endologiq.com.<\/p>\n\n\n\n<h5 class=\"wp-block-heading\">Introducere<\/h5>\n\n\n\n<p>Confiden\u0163ialitatea datelor dumneavoastr\u0103 cu caracter personal reprezint\u0103 una dintre preocup\u0103rile Fortech Products (societatea care opereaz\u0103 acest website), cu sediul \u00een Rom\u00e2nia, Strada Frunzisului nr 106, Cluj-Napoca, \u00een calitate de operator de date. Protec\u0163ia datelor dumneavoastr\u0103 cu caracter personal este un aspect important. Prin urmare, acord\u0103m o aten\u0163ie deosebit\u0103 protej\u0103rii vie\u0163ii private a tuturor vizitatorilor care acceseaz\u0103 site-ul&nbsp;www.endologiq.com, \u00een conformitate cu Regulamentul UE 2016\/679 referitor la prelucrarea datelor cu caracter personal \u015fi la libera circula\u0163ie a acestor date (denumit \u00een continuare \u201cGDPR\u201d).<\/p>\n\n\n\n<p>V\u0103 rug\u0103m s\u0103 acorda\u0163i o aten\u0163ie deosebit\u0103 lectur\u0103rii urm\u0103toarei Politici pentru a \u00een\u0163elege natura datelor cu caracter personal pe care le colect\u0103m \u015fi le proces\u0103m, scopurile prelucr\u0103rii \u015fi drepturile de care beneficia\u0163i.<\/p>\n\n\n\n<p>Fortech Products&nbsp;a luat m\u0103suri tehnice \u015fi organizatorice \u00een vederea respect\u0103rii regulamentului GDPR aplicabil \u00eencep\u00e2nd cu data de 25 Mai 2018. Acestea pot fi consultate la cerere prin trimiterea unui email c\u0103tre&nbsp;<a href=\"mailto:contact@endologiq.com\">contact@endologiq.com<\/a><\/p>\n\n\n\n<p>Colect\u0103m, prelucr\u0103m \u0219i folosim date personale de la vizitatorii site-ului nostru pentru a \u00eembun\u0103t\u0103\u021bi capacitatea de utilizare, eficien\u021ba \u0219i securitatea site-ului nostru web \u0219i astfel oferim vizitatorilor site-ului nostru cea mai bun\u0103 experien\u021b\u0103. De asemenea, colect\u0103m, prelucr\u0103m \u0219i folosim informa\u021biile pe care le trimite\u021bi prin intermediul formularelor de contact pentru a procesa solicit\u0103ri de informa\u021bii sau anchete de afaceri, a evalua cererile de locuri de munc\u0103, a \u00eenregistra vizitatorii la evenimente, sesiuni de formare sau concursuri \u0219i \u00een alte scopuri pe care le-a\u021bi putea avea. Atunci c\u00e2nd trimite\u021bi informa\u021biile dvs., da\u021bi acordul Fortech Products s\u0103 se foloseasc\u0103 de informa\u021biile descrise aici.<\/p>\n\n\n\n<p>Site-ul nostru \u0219i tehnologiile de baz\u0103 sunt supuse unor schimb\u0103ri \u0219i dezvolt\u0103ri constante, astfel \u00eenc\u00e2t este posibil s\u0103 fie nevoie s\u0103 schimb\u0103m aceast\u0103 Politic\u0103 de confiden\u021bialitate din c\u00e2nd \u00een c\u00e2nd. Fortech Products \u00ee\u0219i rezerv\u0103 dreptul de a modifica sau modifica aceast\u0103 politic\u0103 de confiden\u021bialitate \u00een orice moment. Toate modific\u0103rile aduse Politicii noastre de confiden\u021bialitate vor fi postate pe acest site web. Prin urmare, ar trebui s\u0103 vizita\u021bi periodic aceast\u0103 Politic\u0103 de confiden\u021bialitate pentru a v\u0103 asigura c\u0103 sunte\u021bi de acord cu ultimii termeni prezenta\u021bi.<\/p>\n\n\n\n<h5 class=\"wp-block-heading\">Scopul colect\u0103rii datelor<\/h5>\n\n\n\n<p>Colect\u0103m, proces\u0103m \u0219i stoc\u0103m datele dvs. pentru a v\u0103 putea prelucra solicitarea. Indiferent dac\u0103 sunte\u021bi interesat de o oportunitate de munc\u0103 la Fortech Products, ave\u021bi nevoie de servicii software de la Fortech Products sau dori\u021bi s\u0103 furniza\u021bi servicii pentru Fortech Products, trebuie s\u0103 stoc\u0103m datele dvs. personale pentru a v\u0103 procesa solicitarea.<\/p>\n\n\n\n<p>Aplic\u0103m cel mai \u00eenalt nivel de securitate atunci c\u00e2nd colect\u0103m, stoc\u0103m \u0219i prelucr\u0103m \u00een mod legal \u0219i corect datele personale adecvate, relevante \u0219i nu excesive.<\/p>\n\n\n\n<h5 class=\"wp-block-heading\">Colectare de date<\/h5>\n\n\n\n<p>Colect\u0103m \u0219i prelucr\u0103m automat datele (prin intermediul tehnologiei) de fiecare dat\u0103 c\u00e2nd vizita\u021bi site-ul nostru web at\u00e2t automat c\u00e2t \u0219i manual, de fiecare dat\u0103 c\u00e2nd furniza\u021bi date prin intermediul formularelor noastre de contact. Proces\u0103m datele pe care ni le trimite\u021bi prin intermediul formularelor de contact manual.<\/p>\n\n\n\n<h6 class=\"wp-block-heading\">1. Informa\u021biile furnizate de dvs. pe care le putem colecta, prelucra \u0219i utiliza<\/h6>\n\n\n\n<p>Fortech Products nu colecteaz\u0103 date personale (informa\u021bii de identificare personal\u0103) de la dvs. f\u0103r\u0103 cuno\u0219tin\u021ba sau permisiunea dvs. \u0219i nu v\u0103 solicit\u0103 s\u0103 furniza\u021bi aceste informa\u021bii pentru a accesa \u0219i utiliza acest site web. Prin date cu caracter personal, ne referim la toate informa\u021biile referitoare la un vizitator de site identificat sau identificabil.<\/p>\n\n\n\n<p>Atunci c\u00e2nd furniza\u021bi date prin intermediul acestui site web sau direct prin e-mail sau telefon, colect\u0103m, prelucr\u0103m \u0219i folosim doar datele personale pe care le trimite\u021bi, precum \u0219i informa\u021biile necesare pe care trebuie s\u0103 le comunic\u0103m cu dvs. \u00een cadrul \u00eentreb\u0103rilor sau aplica\u021biilor prin intermediul acestui site.<\/p>\n\n\n\n<p>Dac\u0103 ne contacta\u021bi prin intermediul formularului de contact, da\u021bi acordul ca Fortech Products s\u0103 colecteze \u0219i s\u0103 proceseze adresa dumneavoastr\u0103 de email.<\/p>\n\n\n\n<p>C\u00e2nd trimite\u021bi \u0219i solicita\u021bi prin formularul de contact, de asemenea, da\u021bi acordul ca reprezentan\u021bii Fortech Products s\u0103 v\u0103 contacteze prin e-mail sau telefon, accepta\u021bi ca Fortech Products s\u0103 colecteze, s\u0103 proceseze \u0219i s\u0103 utilizeze adresa dvs. de email.<\/p>\n\n\n\n<p>2. Utilizarea cookie-urilor \u0219i a datelor serverului web<\/p>\n\n\n\n<p>Pe m\u0103sur\u0103 ce naviga\u021bi pe site-ul web, anumite informa\u021bii non-personale pot fi colectate pasiv (adic\u0103 colectate f\u0103r\u0103 a furniza \u00een mod activ informa\u021biile dvs.).<\/p>\n\n\n\n<p>Fortech Products poate colecta informa\u021bii despre computer \u0219i conexiunea la Internet, inclusiv adresa dvs. IP, sistemul de operare \u0219i tipul browserului. Acestea sunt date statistice despre echipamentul vizitatorilor site-ului nostru web, ac\u021biuni \u0219i modele de navigare \u0219i nu identific\u0103 nicio persoan\u0103. Cookie-urile sunt fi\u0219iere text mici care sunt plasate pe computer de c\u0103tre site-urile web pe care le accesa\u021bi. Sunt utilizate pe scar\u0103 larg\u0103 pentru ca site-urile web s\u0103 func\u021bioneze sau s\u0103 func\u021bioneze mai eficient, precum \u0219i pentru a furniza informa\u021bii proprietarilor site-ului. Folosim cookie-uri temporare (cunoscute \u0219i sub numele de cookie-uri de sesiune) \u0219i cookie-uri permanente (cunoscute \u0219i sub numele de cookie-uri persistente).<\/p>\n\n\n\n<p>Cookie-urile temporare sunt stocate \u00een browserul dvs. pentru \u00eentreaga perioad\u0103 a vizitei pe site-ul nostru \u0219i sunt \u0219terse la plecare.<\/p>\n\n\n\n<p>Cookie-urile permanente sunt acele fi\u0219iere text minuscule care r\u0103m\u00e2n \u00een browserul dvs. chiar \u0219i dup\u0103 ce p\u0103r\u0103si\u021bi site-ul nostru, dac\u0103 nu le \u0219terge\u021bi singur. Dac\u0103 nu dori\u021bi ca Fortech Products s\u0103 v\u0103 colecteze informa\u021biile care nu sunt personale prin cookie-uri, pute\u021bi \u00eempiedica acceptarea de noi cookie-uri \u00een browser.<\/p>\n\n\n\n<p>Pute\u021bi g\u0103si \u00een meniul de ajutor al browserului informa\u021bii despre cum s\u0103 seta\u021bi browserul s\u0103 v\u0103 notifice c\u00e2nd primi\u021bi un nou cookie \u0219i cum s\u0103 dezactiva\u021bi complet cookie-urile. Site-ul&nbsp;www.endologiq.com&nbsp;utilizeaz\u0103 Google Analytics. Cookie-urile colectate de Google Analytics sunt utilizate pentru a oferi informa\u021bii despre modul \u00een care vizitatorii folosesc site-ul nostru web. Folosim informa\u021biile pentru rapoarte interne \u0219i pentru a ne ajuta s\u0103 \u00eembun\u0103t\u0103\u021bim site-ul. Cookie-urile colecteaz\u0103 informa\u021bii \u00eentr-o form\u0103 anonim\u0103, inclusiv num\u0103rul de vizitatori ai site-ului, de unde vizitatorii au venit pe site \u0219i paginile pe care le-au vizitat. Face\u021bi clic aici pentru mai multe informa\u021bii despre modul \u00een care Google folose\u0219te cookie-urile.<\/p>\n\n\n\n<p>Din motive tehnice, browserul de internet trebuie s\u0103 transmit\u0103 automat datele c\u0103tre serverul nostru web atunci c\u00e2nd vizita\u021bi site-ul nostru web. Aceste date sunt colectate \u0219i stocate automat de noi sau de ter\u021bi \u00een numele nostru. Aceste date pot include \u0219i nu se limiteaz\u0103 la:<\/p>\n\n\n\n<ul class=\"wp-block-list\"><li>Adresa dvs. IP,<\/li><li>Data \u0219i ora vizitei dvs. pe site-ul nostru web<\/li><li>Tipuri de site-uri web pe care le vizita\u021bi<\/li><li>URL-ul paginii pe care a\u021bi vizitat-o \u00eenainte (dac\u0103 a\u021bi accesat site-ul nostru web de la o surs\u0103 de trimitere),<\/li><li>Informa\u021bii despre dispozitivul \u0219i browserul pe care \u00eel utiliza\u021bi (tip browser, versiune, sistem de operare, tip dispozitiv, rezolu\u021bie ecran etc.)<\/li><\/ul>\n\n\n\n<p>Toate aceste informa\u021bii sunt agregate \u0219i analizate anonim pentru a \u00eembun\u0103t\u0103\u021bi experien\u021ba de utilizare a acestui site web. Ne-am asigurat cu m\u0103suri tehnice \u0219i organizatorice c\u0103 furnizorii no\u0219tri de servicii externe respect\u0103 regulile de protec\u021bie a datelor \u0219i trat\u0103m aceste detalii cu cea mai mare aten\u021bie.<\/p>\n\n\n\n<h5 class=\"wp-block-heading\">Date colectate<\/h5>\n\n\n\n<p>Fortech Products limiteaz\u0103 datele personale pe care le prelucreaz\u0103 la informa\u021biile pe care le putem utiliza pentru a v\u0103 identifica personal (nume, adres\u0103, num\u0103r de telefon, e-mail), astfel \u00eenc\u00e2t s\u0103 putem comunica cu dvs. Dac\u0103 ancheta dvs. are leg\u0103tur\u0103 cu recrutarea, vom prelucra \u0219i informa\u021bii despre educa\u021bia dvs., experien\u021ba profesional\u0103, abilit\u0103\u021bile \u0219i orice altceva care poate ajuta recrutorii no\u0219tri s\u0103 identifice cel mai potrivit job pentru dvs. Dac\u0103 ancheta dvs. are leg\u0103tur\u0103 cu afacerile, vom procesa \u0219i \u00eenregistra informa\u021bii despre compania sau compania dvs. care ne permite s\u0103 evalu\u0103m potrivirea \u00eentre organiza\u021biile noastre.<\/p>\n\n\n\n<h5 class=\"wp-block-heading\">Stocarea datelor la Fortech Products<\/h5>\n\n\n\n<p>Vom stoca datele dvs. cu caracter personal timp de 10 ani, asigur\u00e2nd protec\u021bia \u0219i securitatea datelor adecvate pentru datele dvs. personale \u00een toat\u0103 aceast\u0103 perioad\u0103. Vom oferi acces la datele dvs. personale numai personalului Fortech Products, clien\u021bilor sau partenerilor care au nevoie de acestea pentru a gestiona cererea dvs. sau pentru a r\u0103spunde nevoilor viitoare poten\u021biale dvs. Pentru a evita deciziile automate cu privire la modul \u00een care sunt gestionate datele dvs. personale, le proces\u0103m at\u00e2t manual c\u00e2t \u0219i automat, cu ajutorul software-ului computerului. Acest lucru \u00eenseamn\u0103 c\u0103 utilajele nu pot face presupuneri cu privire la ceea ce a\u021bi acordat consim\u021b\u0103m\u00e2ntul dvs. \u00cen plus, lu\u0103m m\u0103suri stricte de securitate pentru a \u00eempiedica datele dvs. personale s\u0103 se scurg\u0103 \u00een afara \u021b\u0103rilor \u00een care activ\u0103m.<\/p>\n\n\n\n<h5 class=\"wp-block-heading\">Transfer de date c\u0103tre ter\u021bi<\/h5>\n\n\n\n<p>Toate detaliile colectate pe site-ul web pot fi trimise prin e-mail c\u0103tre departamentul relevant de la Fortech Products, colaboratorilor, partenerilor sau companiilor afiliate ale Fortech Products. C\u00e2nd \u00eemp\u0103rt\u0103\u0219im datele dvs. cu colaboratorii, partenerii companiilor afiliate, facem acest lucru pentru a atinge scopul pentru care ne-a\u021bi furnizat datele, cum ar fi r\u0103spunsul la solicitarea dvs. este \u00eemp\u0103rt\u0103\u0219it direct cu ter\u021bi numai dac\u0103 avem obliga\u021bia legal\u0103 de a face acest lucru, cum ar fi \u00een cazul aplic\u0103rii legii sau al securit\u0103\u021bii. Nu vom \u00eemp\u0103rt\u0103\u0219i sau vinde datele dvs. pentru a ob\u021bine avantaje sau profit.<\/p>\n\n\n\n<h5 class=\"wp-block-heading\">Drepturile tale<\/h5>\n\n\n\n<p>\u00cen conformitate cu legisla\u021bia Uniunii Europene privind colectarea \u0219i prelucrarea datelor cu caracter personal, ave\u021bi urm\u0103toarele drepturi:<\/p>\n\n\n\n<ul class=\"wp-block-list\"><li>Pentru a ne solicita s\u0103 rectific\u0103m sau s\u0103 \u0219tergem datele dvs. personale sau s\u0103 restric\u021bion\u0103m prelucrarea datelor cu caracter personal sau a obiectului la o astfel de prelucrare.<\/li><li>Pentru a solicita de la Fortech Products copii ale datelor dvs. personale \u00een curs de procesare. Trebuie s\u0103 oferim primul exemplar gratuit, \u00een timp ce pentru orice alte copii pe care le solicita\u021bi, putem percepe o tax\u0103 rezonabil\u0103 pe baza costurilor administrative. Dac\u0103 face\u021bi solicitarea prin mijloace electronice \u0219i dac\u0103 nu solicita\u021bi altfel, vom furniza informa\u021biile \u00eentr-un formular electronic utilizat frecvent.<\/li><li>S\u0103 nu fac\u0103 obiectul unei decizii bazate exclusiv pe prelucrarea automat\u0103 a datelor.URL-ul paginii pe care a\u021bi vizitat-o \u00eenainte (dac\u0103 a\u021bi accesat site-ul nostru web de la o surs\u0103 de trimitere),<\/li><li>S\u0103 nu fie transferate datele dvs. personale \u00een \u021b\u0103ri ter\u021be.<\/li><li>Fortech Products nu mai are nevoie de datele dvs. personale \u00een scopul prelucr\u0103rii, dar ne solicita\u021bi s\u0103 le p\u0103str\u0103m pentru stabilirea, exercitarea sau ap\u0103rarea revendic\u0103rilor legale.<\/li><li>Pentru a depune o pl\u00e2ngere \u00eempotriva Fortech Products la Autoritatea Na\u021bional\u0103 de Supraveghere a Prelucr\u0103rii Datelor cu Caracter Personal \u0219i \u00een fa\u021ba instan\u021belor judec\u0103tore\u0219ti competente, dac\u0103 crede\u021bi c\u0103 nu v-am gestionat datele personale \u00een conformitate cu cerin\u021bele Regulamentului general de protec\u021bie a datelor (GDPR).<\/li><\/ul>\n\n\n\n<p>Pe scurt, ne pute\u021bi cere s\u0103 \u00eemp\u0103rt\u0103\u0219im cu dvs., s\u0103 regl\u0103m, s\u0103 \u0219tergem sau s\u0103 p\u0103str\u0103m informa\u021biile pe care le avem despre dvs. de mai bine de 10 ani sau s\u0103 depunem o pl\u00e2ngere \u00eempotriva Fortech Products dac\u0103 crede\u021bi c\u0103 nu am \u00eendeplinit toate cerin\u021bele impuse de lege la procesare datele dvs. personale. Pute\u021bi retrage oric\u00e2nd consim\u021b\u0103m\u00e2ntul dvs. pentru a v\u0103 prelucra informa\u021biile personale \u0219i a fi stocate de Fortech Products, trimi\u021b\u00e2ndu-ne o retragere a consim\u021b\u0103m\u00e2ntului la adresa\u00a0<a href=\"mailto:contact@endologiq.com\">contact@endologiq.com<\/a><\/p>\n\n\n\n<h5 class=\"wp-block-heading\">Securitate<\/h5>\n\n\n\n<p>Protejarea informa\u021biilor dvs. este una dintre preocup\u0103rile noastre principale. Informa\u021biile pe care le colect\u0103m sunt stocate pe servere sigure. Ne lu\u0103m precau\u021bii rezonabile pentru a v\u0103 proteja informa\u021biile personale.<\/p>\n\n\n\n<h5 class=\"wp-block-heading\">Consim\u021b\u0103m\u00e2ntul dvs.<\/h5>\n\n\n\n<p>Utiliz\u00e2nd site-ul web, sunte\u021bi de acord cu ace\u0219ti termeni. Ori de c\u00e2te ori trimite\u021bi informa\u021bii prin intermediul site-ului web, trebuie s\u0103 consim\u021bi\u021bi la colectarea \u0219i utilizarea acestor informa\u021bii \u00een conformitate cu aceast\u0103 politic\u0103 de confiden\u021bialitate.<\/p>\n\n\n\n<p>Not\u0103:<br>Not\u0103m c\u0103 Politica de confiden\u021bialitate precum Politica de cookies pot fi actualizate f\u0103r\u0103 o notificare prealabil\u0103, iar schimb\u0103rile vor fi afi\u0219ate \u00een aceast\u0103 pagin\u0103.<br>Orice \u00eentrebare, sugestie sau recomandare privind termenii \u0219i condi\u021biile de mai sus este binevenit\u0103. Ne dorim s\u0103 fim c\u00e2t mai transparen\u021bi cu utilizatorii no\u0219tri, tocmai de aceea a\u0219tept\u0103m sugestiile tale la adresa&nbsp;<a href=\"mailto:contact@endologiq.com\">contact@endologiq.com<\/a><\/p>\n\n\n\n<h2 class=\"wp-block-heading\"><\/h2>\n\n\n\n<h2 class=\"wp-block-heading\"><\/h2>\n\n\n\n<h2 class=\"wp-block-heading\"><\/h2>","protected":false},"excerpt":{"rendered":"<p>Cine suntem Adresa website-ului: https:\/\/www.endologiq.com. Introducere Confiden\u0163ialitatea datelor dumneavoastr\u0103 cu caracter personal reprezint\u0103 una dintre preocup\u0103rile Fortech Products (societatea care opereaz\u0103 acest website), cu sediul \u00een Rom\u00e2nia, Strada Frunzisului nr 106, Cluj-Napoca, \u00een calitate de operator de date. Protec\u0163ia datelor dumneavoastr\u0103 cu caracter personal este un aspect important. Prin urmare, acord\u0103m o aten\u0163ie deosebit\u0103 protej\u0103rii [&hellip;]<\/p>","protected":false},"author":1,"featured_media":0,"parent":0,"menu_order":0,"comment_status":"closed","ping_status":"open","template":"","meta":{"footnotes":""},"class_list":["post-3","page","type-page","status-publish","hentry"],"yoast_head":"<!-- This site is optimized with the Yoast SEO plugin v19.7.2 - https:\/\/yoast.com\/wordpress\/plugins\/seo\/ -->\n<title>Politica de confiden\u0163ialitate - Endologiq<\/title>\n<meta name=\"robots\" content=\"index, follow, max-snippet:-1, max-image-preview:large, max-video-preview:-1\" \/>\n<link rel=\"canonical\" href=\"https:\/\/www.endologiq.com\/en\/privacy-policy\/\" \/>\n<meta property=\"og:locale\" content=\"en_US\" \/>\n<meta property=\"og:type\" content=\"article\" \/>\n<meta property=\"og:title\" content=\"Politica de confiden\u0163ialitate - Endologiq\" \/>\n<meta property=\"og:description\" content=\"Cine suntem Adresa website-ului: https:\/\/www.endologiq.com. Introducere Confiden\u0163ialitatea datelor dumneavoastr\u0103 cu caracter personal reprezint\u0103 una dintre preocup\u0103rile Fortech Products (societatea care opereaz\u0103 acest website), cu sediul \u00een Rom\u00e2nia, Strada Frunzisului nr 106, Cluj-Napoca, \u00een calitate de operator de date. Protec\u0163ia datelor dumneavoastr\u0103 cu caracter personal este un aspect important. Prin urmare, acord\u0103m o aten\u0163ie deosebit\u0103 protej\u0103rii [&hellip;]\" \/>\n<meta property=\"og:url\" content=\"https:\/\/www.endologiq.com\/en\/privacy-policy\/\" \/>\n<meta property=\"og:site_name\" content=\"Endologiq\" \/>\n<meta property=\"article:modified_time\" content=\"2022-09-20T10:36:24+00:00\" \/>\n<meta name=\"twitter:card\" content=\"summary_large_image\" \/>\n<meta name=\"twitter:label1\" content=\"Est. reading time\" \/>\n\t<meta name=\"twitter:data1\" content=\"9 minutes\" \/>\n<script type=\"application\/ld+json\" class=\"yoast-schema-graph\">{\"@context\":\"https:\/\/schema.org\",\"@graph\":[{\"@type\":\"WebPage\",\"@id\":\"https:\/\/www.endologiq.com\/privacy-policy\/\",\"url\":\"https:\/\/www.endologiq.com\/privacy-policy\/\",\"name\":\"Politica de confiden\u0163ialitate - Endologiq\",\"isPartOf\":{\"@id\":\"https:\/\/www.endologiq.com\/#website\"},\"datePublished\":\"2022-09-13T12:13:43+00:00\",\"dateModified\":\"2022-09-20T10:36:24+00:00\",\"breadcrumb\":{\"@id\":\"https:\/\/www.endologiq.com\/privacy-policy\/#breadcrumb\"},\"inLanguage\":\"en-US\",\"potentialAction\":[{\"@type\":\"ReadAction\",\"target\":[\"https:\/\/www.endologiq.com\/privacy-policy\/\"]}]},{\"@type\":\"BreadcrumbList\",\"@id\":\"https:\/\/www.endologiq.com\/privacy-policy\/#breadcrumb\",\"itemListElement\":[{\"@type\":\"ListItem\",\"position\":1,\"name\":\"Home\",\"item\":\"https:\/\/www.endologiq.com\/\"},{\"@type\":\"ListItem\",\"position\":2,\"name\":\"Politica de confiden\u0163ialitate\"}]},{\"@type\":\"WebSite\",\"@id\":\"https:\/\/www.endologiq.com\/#website\",\"url\":\"https:\/\/www.endologiq.com\/\",\"name\":\"Endologiq\",\"description\":\"\",\"potentialAction\":[{\"@type\":\"SearchAction\",\"target\":{\"@type\":\"EntryPoint\",\"urlTemplate\":\"https:\/\/www.endologiq.com\/?s={search_term_string}\"},\"query-input\":\"required name=search_term_string\"}],\"inLanguage\":\"en-US\"}]}<\/script>\n<!-- \/ Yoast SEO plugin. -->","yoast_head_json":{"title":"Politica de confiden\u0163ialitate - Endologiq","robots":{"index":"index","follow":"follow","max-snippet":"max-snippet:-1","max-image-preview":"max-image-preview:large","max-video-preview":"max-video-preview:-1"},"canonical":"https:\/\/www.endologiq.com\/en\/privacy-policy\/","og_locale":"en_US","og_type":"article","og_title":"Politica de confiden\u0163ialitate - Endologiq","og_description":"Cine suntem Adresa website-ului: https:\/\/www.endologiq.com. Introducere Confiden\u0163ialitatea datelor dumneavoastr\u0103 cu caracter personal reprezint\u0103 una dintre preocup\u0103rile Fortech Products (societatea care opereaz\u0103 acest website), cu sediul \u00een Rom\u00e2nia, Strada Frunzisului nr 106, Cluj-Napoca, \u00een calitate de operator de date. Protec\u0163ia datelor dumneavoastr\u0103 cu caracter personal este un aspect important. Prin urmare, acord\u0103m o aten\u0163ie deosebit\u0103 protej\u0103rii [&hellip;]","og_url":"https:\/\/www.endologiq.com\/en\/privacy-policy\/","og_site_name":"Endologiq","article_modified_time":"2022-09-20T10:36:24+00:00","twitter_card":"summary_large_image","twitter_misc":{"Est. reading time":"9 minutes"},"schema":{"@context":"https:\/\/schema.org","@graph":[{"@type":"WebPage","@id":"https:\/\/www.endologiq.com\/privacy-policy\/","url":"https:\/\/www.endologiq.com\/privacy-policy\/","name":"Politica de confiden\u0163ialitate - Endologiq","isPartOf":{"@id":"https:\/\/www.endologiq.com\/#website"},"datePublished":"2022-09-13T12:13:43+00:00","dateModified":"2022-09-20T10:36:24+00:00","breadcrumb":{"@id":"https:\/\/www.endologiq.com\/privacy-policy\/#breadcrumb"},"inLanguage":"en-US","potentialAction":[{"@type":"ReadAction","target":["https:\/\/www.endologiq.com\/privacy-policy\/"]}]},{"@type":"BreadcrumbList","@id":"https:\/\/www.endologiq.com\/privacy-policy\/#breadcrumb","itemListElement":[{"@type":"ListItem","position":1,"name":"Home","item":"https:\/\/www.endologiq.com\/"},{"@type":"ListItem","position":2,"name":"Politica de confiden\u0163ialitate"}]},{"@type":"WebSite","@id":"https:\/\/www.endologiq.com\/#website","url":"https:\/\/www.endologiq.com\/","name":"Endologiq","description":"","potentialAction":[{"@type":"SearchAction","target":{"@type":"EntryPoint","urlTemplate":"https:\/\/www.endologiq.com\/?s={search_term_string}"},"query-input":"required name=search_term_string"}],"inLanguage":"en-US"}]}},"_links":{"self":[{"href":"https:\/\/www.endologiq.com\/en\/wp-json\/wp\/v2\/pages\/3","targetHints":{"allow":["GET"]}}],"collection":[{"href":"https:\/\/www.endologiq.com\/en\/wp-json\/wp\/v2\/pages"}],"about":[{"href":"https:\/\/www.endologiq.com\/en\/wp-json\/wp\/v2\/types\/page"}],"author":[{"embeddable":true,"href":"https:\/\/www.endologiq.com\/en\/wp-json\/wp\/v2\/users\/1"}],"replies":[{"embeddable":true,"href":"https:\/\/www.endologiq.com\/en\/wp-json\/wp\/v2\/comments?post=3"}],"version-history":[{"count":3,"href":"https:\/\/www.endologiq.com\/en\/wp-json\/wp\/v2\/pages\/3\/revisions"}],"predecessor-version":[{"id":346,"href":"https:\/\/www.endologiq.com\/en\/wp-json\/wp\/v2\/pages\/3\/revisions\/346"}],"wp:attachment":[{"href":"https:\/\/www.endologiq.com\/en\/wp-json\/wp\/v2\/media?parent=3"}],"curies":[{"name":"wp","href":"https:\/\/api.w.org\/{rel}","templated":true}]}}