{"id":49,"date":"2021-05-28T11:44:36","date_gmt":"2021-05-28T11:44:36","guid":{"rendered":"https:\/\/www.athenastudio.co\/themes\/naxos-wp\/?page_id=49"},"modified":"2022-10-03T09:19:07","modified_gmt":"2022-10-03T09:19:07","slug":"contact","status":"publish","type":"page","link":"http:\/\/www.endologiq.com\/en\/contact\/","title":{"rendered":"Contact"},"content":{"rendered":"<section id=\"services\" class=\"vc_section\"><div class=\"container\"><div class=\"vc_row wpb_row vc_row-fluid\"><div class=\"wpb_column vc_column_container vc_col-sm-4\"><div class=\"vc_column-inner\"><div class=\"wpb_wrapper\"><div class=\"service-single service-style-2 res-margin wow fadeInUp\" data-wow-offset=\"10\" data-wow-duration=\"1s\" data-wow-delay=\"0s\">\r\n\t\t\t\t\t<div class=\"icon icon-basic-mail\">\r\n\t\t\t\t\t\t\r\n\t\t\t\t\t<\/div>\r\n\t\t\t\t\t<h5>Email Address<\/h5>\r\n\t\t\t\t\t<p><a href=\"mailto:contact@endologiq.com\">contact@endologiq.com<\/a><\/p>\r\n\t\t\t\t<\/div><\/div><\/div><\/div><div class=\"wpb_column vc_column_container vc_col-sm-4\"><div class=\"vc_column-inner\"><div class=\"wpb_wrapper\"><div class=\"service-single service-style-2 res-margin wow fadeInUp\" data-wow-offset=\"10\" data-wow-duration=\"1s\" data-wow-delay=\"0.3s\">\r\n\t\t\t\t\t<div class=\"icon icon-basic-geolocalize-05\">\r\n\t\t\t\t\t\t\r\n\t\t\t\t\t<\/div>\r\n\t\t\t\t\t<h5>Office Location<\/h5>\r\n\t\t\t\t\t<p>Strada Frunzi\u0219ului 106, Cluj-Napoca<\/p>\r\n\t\t\t\t<\/div><\/div><\/div><\/div><div class=\"wpb_column vc_column_container vc_col-sm-4\"><div class=\"vc_column-inner\"><div class=\"wpb_wrapper\"><div class=\"service-single service-style-2 res-margin wow fadeInUp\" data-wow-offset=\"10\" data-wow-duration=\"1s\" data-wow-delay=\"0.6s\">\r\n\t\t\t\t\t<div class=\"icon icon-basic-headset\">\r\n\t\t\t\t\t\t\r\n\t\t\t\t\t<\/div>\r\n\t\t\t\t\t<h5>Phone Number<\/h5>\r\n\t\t\t\t\t<p><a href=\"tel:0790667088\">+40790667088<\/a><\/p>\r\n\t\t\t\t<\/div><\/div><\/div><\/div><\/div><\/div><\/section><section id=\"contact\" class=\"vc_section\"><div class=\"container\"><div class=\"vc_row wpb_row vc_row-fluid\"><div class=\"wpb_column vc_column_container vc_col-sm-12\"><div class=\"vc_column-inner\"><div class=\"wpb_wrapper\"><div class=\"row justify-content-center\"><div class=\"col-12 col-md-10 col-lg-6\"><div class=\"section-title text-center\"><h3>Contact<\/h3><\/div><\/div><\/div><\/div><\/div><\/div><\/div><div class=\"vc_row wpb_row vc_row-fluid\"><div class=\"wpb_column vc_column_container vc_col-sm-6\"><div class=\"vc_column-inner\"><div class=\"wpb_wrapper\"><div class=\"section-title text-center text-lg-start\"><h3>Ai \u00eentreb\u0103ri sau vrei s\u0103 discut\u0103m despre EndologiQ?<\/h3><p><span data-contrast=\"auto\">Completeaz\u0103 formularul scurt \u0219i vom reveni c\u0103tre tine cu un r\u0103spuns sau alte informa\u021bii de care ai nevoie. De asemenea, ne g\u0103se\u0219ti la adresele \u0219i num\u0103rul de telefon de mai jos.<\/span><span data-ccp-props=\"{&quot;201341983&quot;:0,&quot;335559739&quot;:160,&quot;335559740&quot;:259}\">\u00a0<\/span><\/p><\/div><div class=\"contact-info res-margin\" ><h5><span class=\"icon icon-basic-smartphone\"><\/span>Phone Number<\/h5>\r\n                <p><a href=\"tel:0790667088\">+40790667088<\/a><\/p><h5><span class=\"icon icon-basic-mail\"><\/span>Email Address<\/h5>\r\n                <p><a href=\"mailto:contact@endologiq.com\">contact@endologiq.com<\/a><\/p><\/div><\/div><\/div><\/div><div class=\"wpb_column vc_column_container vc_col-sm-6\"><div class=\"vc_column-inner\"><div class=\"wpb_wrapper\"><div role=\"form\" class=\"wpcf7\" id=\"wpcf7-f131-o1\" lang=\"en-US\" dir=\"ltr\">\n<div class=\"screen-reader-response\"><p role=\"status\" aria-live=\"polite\" aria-atomic=\"true\"><\/p> <ul><\/ul><\/div>\n<form action=\"\/en\/wp-json\/wp\/v2\/pages\/49#wpcf7-f131-o1\" method=\"post\" class=\"wpcf7-form init\" novalidate=\"novalidate\" data-status=\"init\" data-trp-original-action=\"\/en\/wp-json\/wp\/v2\/pages\/49#wpcf7-f131-o1\">\n<div style=\"display: none;\">\n<input type=\"hidden\" name=\"_wpcf7\" value=\"131\" \/>\n<input type=\"hidden\" name=\"_wpcf7_version\" value=\"5.6.3\" \/>\n<input type=\"hidden\" name=\"_wpcf7_locale\" value=\"en_US\" \/>\n<input type=\"hidden\" name=\"_wpcf7_unit_tag\" value=\"wpcf7-f131-o1\" \/>\n<input type=\"hidden\" name=\"_wpcf7_container_post\" value=\"0\" \/>\n<input type=\"hidden\" name=\"_wpcf7_posted_data_hash\" value=\"\" \/>\n<\/div>\n<div class=\"row\">\n<div class=\"col-12 col-lg-6\">\n<div class=\"form-group mt-2 mb-3\">\n\t\t\t<span class=\"wpcf7-form-control-wrap\" data-name=\"your-name\"><input type=\"text\" name=\"your-name\" value=\"\" size=\"40\" class=\"wpcf7-form-control wpcf7-text wpcf7-validates-as-required form-control\" aria-required=\"true\" aria-invalid=\"false\" placeholder=\"Name\" \/><\/span>\n\t\t<\/div>\n<\/div>\n<div class=\"col-12 col-lg-6\">\n<div class=\"form-group mt-2 mb-3\">\n\t\t\t<span class=\"wpcf7-form-control-wrap\" data-name=\"your-email\"><input type=\"email\" name=\"your-email\" value=\"\" size=\"40\" class=\"wpcf7-form-control wpcf7-text wpcf7-email wpcf7-validates-as-required wpcf7-validates-as-email form-control\" aria-required=\"true\" aria-invalid=\"false\" placeholder=\"Email\" \/><\/span>\n\t\t<\/div>\n<\/div>\n<\/div>\n<div class=\"row\">\n<div class=\"col-12 col-lg-12\">\n<div class=\"form-group mt-2 mb-3\">\n\t\t\t<span class=\"wpcf7-form-control-wrap\" data-name=\"your-subject\"><input type=\"text\" name=\"your-subject\" value=\"\" size=\"40\" class=\"wpcf7-form-control wpcf7-text wpcf7-validates-as-required form-control\" aria-required=\"true\" aria-invalid=\"false\" placeholder=\"Subject\" \/><\/span>\n\t\t<\/div>\n<\/div>\n<\/div>\n<div class=\"row\">\n<div class=\"col-12 col-lg-12\">\n<div class=\"form-group mt-2 mb-3\">\n\t\t\t<span class=\"wpcf7-form-control-wrap\" data-name=\"your-message\"><textarea name=\"your-message\" cols=\"40\" rows=\"4\" class=\"wpcf7-form-control wpcf7-textarea form-control\" aria-invalid=\"false\" placeholder=\"Message\"><\/textarea><\/span>\n\t\t<\/div>\n<\/div>\n<\/div>\n<div class=\"row\">\n<div class=\"col-12 col-lg-12 mt-2\">\n<span id=\"wpcf7-69e065ae96c59-wrapper\" class=\"wpcf7-form-control-wrap email-wrap\" style=\"display:none !important; visibility:hidden !important;\"><label for=\"wpcf7-69e065ae96c59-field\" class=\"hp-message\">Please leave this field empty.<\/label><input id=\"wpcf7-69e065ae96c59-field\"  class=\"wpcf7-form-control wpcf7-text\" type=\"text\" name=\"email\" value=\"\" size=\"40\" tabindex=\"-1\" autocomplete=\"new-password\" \/><\/span><br \/>\n\t\t<input type=\"submit\" value=\"Send Message\" class=\"wpcf7-form-control has-spinner wpcf7-submit btn\" \/>\n\t<\/div>\n<\/div>\n<p><span class=\"wpcf7-form-control-wrap\" data-name=\"checkbox-183\"><span class=\"wpcf7-form-control wpcf7-checkbox wpcf7-validates-as-required\"><span class=\"wpcf7-list-item first\"><label><input type=\"checkbox\" name=\"checkbox-183[]\" value=\"I consent to having Fortech Products collect my details via this form.\" \/><span class=\"wpcf7-list-item-label\">I consent to having Fortech Products collect my details via this form.<\/span><\/label><\/span><span class=\"wpcf7-list-item last\"><label><input type=\"checkbox\" name=\"checkbox-183[]\" value=\"I agree to be contacted by Fortech Products representatives via email or phone.\" \/><span class=\"wpcf7-list-item-label\">I agree to be contacted by Fortech Products representatives via email or phone.<\/span><\/label><\/span><\/span><\/span><\/p>\n<div class=\"wpcf7-response-output\" aria-hidden=\"true\"><\/div><input type=\"hidden\" name=\"trp-form-language\" value=\"en\"\/><\/form><\/div><\/div><\/div><\/div><\/div><\/div><\/section><section id=\"map\" class=\"vc_section pt-0 pb-0\"><div class=\"container\"><div data-vc-full-width=\"true\" data-vc-full-width-init=\"false\" data-vc-stretch-content=\"true\" class=\"vc_row wpb_row vc_row-fluid vc_row-no-padding\"><div class=\"wpb_column vc_column_container vc_col-sm-12\"><div class=\"vc_column-inner\"><div class=\"wpb_wrapper\">\n\t<div class=\"wpb_raw_code wpb_content_element wpb_raw_html\" >\n\t\t<div class=\"wpb_wrapper\">\n\t\t\t<iframe src=\"https:\/\/www.google.com\/maps\/embed?pb=!1m18!1m12!1m3!1d2733.6854621326697!2d23.57360311493668!3d46.75138375465504!2m3!1f0!2f0!3f0!3m2!1i1024!2i768!4f13.1!3m3!1m2!1s0x47490dcd88b4ed5b%3A0x1e9c94ad374e64fb!2sFortech!5e0!3m2!1sen!2sro!4v1663658485206!5m2!1sen!2sro\" width=\"1800\" height=\"450\" style=\"border:0;\" allowfullscreen=\"\" loading=\"lazy\" referrerpolicy=\"no-referrer-when-downgrade\"><\/iframe>\n\t\t<\/div>\n\t<\/div>\n<\/div><\/div><\/div><\/div><div class=\"vc_row-full-width vc_clearfix\"><\/div><\/div><\/section>","protected":false},"excerpt":{"rendered":"Email Address contact@endologiq.com Office Location Strada Frunzi\u0219ului 106, Cluj-Napoca Phone Number +40790667088 ContactAi \u00eentreb\u0103ri sau vrei s\u0103 discut\u0103m despre EndologiQ?Completeaz\u0103 formularul scurt \u0219i vom reveni c\u0103tre tine cu un r\u0103spuns sau alte informa\u021bii de care ai nevoie. De asemenea, ne g\u0103se\u0219ti la adresele \u0219i num\u0103rul de telefon de mai jos.\u00a0Phone Number +40790667088Email Address contact@endologiq.com Please [...]","protected":false},"author":1,"featured_media":66,"parent":0,"menu_order":0,"comment_status":"closed","ping_status":"closed","template":"","meta":{"footnotes":""},"class_list":["post-49","page","type-page","status-publish","has-post-thumbnail","hentry"],"yoast_head":"<!-- This site is optimized with the Yoast SEO plugin v19.7.2 - https:\/\/yoast.com\/wordpress\/plugins\/seo\/ -->\n<title>Contact - Endologiq<\/title>\n<meta name=\"robots\" content=\"index, follow, max-snippet:-1, max-image-preview:large, max-video-preview:-1\" \/>\n<link rel=\"canonical\" href=\"http:\/\/www.endologiq.com\/en\/contact\/\" \/>\n<meta property=\"og:locale\" content=\"en_US\" \/>\n<meta property=\"og:type\" content=\"article\" \/>\n<meta property=\"og:title\" content=\"Contact - Endologiq\" \/>\n<meta property=\"og:url\" content=\"http:\/\/www.endologiq.com\/en\/contact\/\" \/>\n<meta property=\"og:site_name\" content=\"Endologiq\" \/>\n<meta property=\"article:modified_time\" content=\"2022-10-03T09:19:07+00:00\" \/>\n<meta property=\"og:image\" content=\"https:\/\/www.endologiq.com\/wp-content\/uploads\/2021\/05\/single-image.jpg\" \/>\n\t<meta property=\"og:image:width\" content=\"1920\" \/>\n\t<meta property=\"og:image:height\" content=\"1080\" \/>\n\t<meta property=\"og:image:type\" content=\"image\/jpeg\" \/>\n<meta name=\"twitter:card\" content=\"summary_large_image\" \/>\n<meta name=\"twitter:label1\" content=\"Est. reading time\" \/>\n\t<meta name=\"twitter:data1\" content=\"1 minute\" \/>\n<script type=\"application\/ld+json\" class=\"yoast-schema-graph\">{\"@context\":\"https:\/\/schema.org\",\"@graph\":[{\"@type\":\"WebPage\",\"@id\":\"https:\/\/www.endologiq.com\/contact\/\",\"url\":\"https:\/\/www.endologiq.com\/contact\/\",\"name\":\"Contact - Endologiq\",\"isPartOf\":{\"@id\":\"https:\/\/www.endologiq.com\/#website\"},\"datePublished\":\"2021-05-28T11:44:36+00:00\",\"dateModified\":\"2022-10-03T09:19:07+00:00\",\"breadcrumb\":{\"@id\":\"https:\/\/www.endologiq.com\/contact\/#breadcrumb\"},\"inLanguage\":\"en-US\",\"potentialAction\":[{\"@type\":\"ReadAction\",\"target\":[\"https:\/\/www.endologiq.com\/contact\/\"]}]},{\"@type\":\"BreadcrumbList\",\"@id\":\"https:\/\/www.endologiq.com\/contact\/#breadcrumb\",\"itemListElement\":[{\"@type\":\"ListItem\",\"position\":1,\"name\":\"Home\",\"item\":\"https:\/\/www.endologiq.com\/\"},{\"@type\":\"ListItem\",\"position\":2,\"name\":\"Contact\"}]},{\"@type\":\"WebSite\",\"@id\":\"https:\/\/www.endologiq.com\/#website\",\"url\":\"https:\/\/www.endologiq.com\/\",\"name\":\"Endologiq\",\"description\":\"\",\"potentialAction\":[{\"@type\":\"SearchAction\",\"target\":{\"@type\":\"EntryPoint\",\"urlTemplate\":\"https:\/\/www.endologiq.com\/?s={search_term_string}\"},\"query-input\":\"required name=search_term_string\"}],\"inLanguage\":\"en-US\"}]}<\/script>\n<!-- \/ Yoast SEO plugin. -->","yoast_head_json":{"title":"Contact - Endologiq","robots":{"index":"index","follow":"follow","max-snippet":"max-snippet:-1","max-image-preview":"max-image-preview:large","max-video-preview":"max-video-preview:-1"},"canonical":"http:\/\/www.endologiq.com\/en\/contact\/","og_locale":"en_US","og_type":"article","og_title":"Contact - Endologiq","og_url":"http:\/\/www.endologiq.com\/en\/contact\/","og_site_name":"Endologiq","article_modified_time":"2022-10-03T09:19:07+00:00","og_image":[{"width":1920,"height":1080,"url":"https:\/\/www.endologiq.com\/wp-content\/uploads\/2021\/05\/single-image.jpg","type":"image\/jpeg"}],"twitter_card":"summary_large_image","twitter_misc":{"Est. reading time":"1 minute"},"schema":{"@context":"https:\/\/schema.org","@graph":[{"@type":"WebPage","@id":"https:\/\/www.endologiq.com\/contact\/","url":"https:\/\/www.endologiq.com\/contact\/","name":"Contact - Endologiq","isPartOf":{"@id":"https:\/\/www.endologiq.com\/#website"},"datePublished":"2021-05-28T11:44:36+00:00","dateModified":"2022-10-03T09:19:07+00:00","breadcrumb":{"@id":"https:\/\/www.endologiq.com\/contact\/#breadcrumb"},"inLanguage":"en-US","potentialAction":[{"@type":"ReadAction","target":["https:\/\/www.endologiq.com\/contact\/"]}]},{"@type":"BreadcrumbList","@id":"https:\/\/www.endologiq.com\/contact\/#breadcrumb","itemListElement":[{"@type":"ListItem","position":1,"name":"Home","item":"https:\/\/www.endologiq.com\/"},{"@type":"ListItem","position":2,"name":"Contact"}]},{"@type":"WebSite","@id":"https:\/\/www.endologiq.com\/#website","url":"https:\/\/www.endologiq.com\/","name":"Endologiq","description":"","potentialAction":[{"@type":"SearchAction","target":{"@type":"EntryPoint","urlTemplate":"https:\/\/www.endologiq.com\/?s={search_term_string}"},"query-input":"required name=search_term_string"}],"inLanguage":"en-US"}]}},"_links":{"self":[{"href":"http:\/\/www.endologiq.com\/en\/wp-json\/wp\/v2\/pages\/49","targetHints":{"allow":["GET"]}}],"collection":[{"href":"http:\/\/www.endologiq.com\/en\/wp-json\/wp\/v2\/pages"}],"about":[{"href":"http:\/\/www.endologiq.com\/en\/wp-json\/wp\/v2\/types\/page"}],"author":[{"embeddable":true,"href":"http:\/\/www.endologiq.com\/en\/wp-json\/wp\/v2\/users\/1"}],"replies":[{"embeddable":true,"href":"http:\/\/www.endologiq.com\/en\/wp-json\/wp\/v2\/comments?post=49"}],"version-history":[{"count":8,"href":"http:\/\/www.endologiq.com\/en\/wp-json\/wp\/v2\/pages\/49\/revisions"}],"predecessor-version":[{"id":369,"href":"http:\/\/www.endologiq.com\/en\/wp-json\/wp\/v2\/pages\/49\/revisions\/369"}],"wp:featuredmedia":[{"embeddable":true,"href":"http:\/\/www.endologiq.com\/en\/wp-json\/wp\/v2\/media\/66"}],"wp:attachment":[{"href":"http:\/\/www.endologiq.com\/en\/wp-json\/wp\/v2\/media?parent=49"}],"curies":[{"name":"wp","href":"https:\/\/api.w.org\/{rel}","templated":true}]}}